{"id":1032,"date":"2024-02-20T08:33:03","date_gmt":"2024-02-20T08:33:03","guid":{"rendered":"https:\/\/agebombs.com\/kontakt\/"},"modified":"2024-04-17T09:14:50","modified_gmt":"2024-04-17T09:14:50","slug":"kontakt","status":"publish","type":"page","link":"https:\/\/agebombs.com\/de\/kontakt\/","title":{"rendered":"Kontakt"},"content":{"rendered":"\n<h1 class=\"wp-block-heading\">Kontakt<\/h1>\n\n\n\n<p class=\"content-contact\">Du findest diese Expedition spannend und kannst sie mit Erfahrungen und Ideen bereichern,  oder m\u00f6chtest Experten vorschlagen, die einen wertvollen Beitrag leisten k\u00f6nnten? Verwende bitte das untenstehende Kontaktformular und wir werden uns so schnell wie m\u00f6glich bei Dir melden. <\/p>\n\n\n<style id=\"wpforms-css-vars-1035\">\n\t\t\t\t#wpforms-1035 {\n\t\t\t\t--wpforms-container-padding: 0px;\n--wpforms-container-border-width: 1px;\n--wpforms-container-border-radius: 3px;\n--wpforms-background-color: rgba(0, 0, 0, 0);\n--wpforms-field-size-input-height: 43px;\n--wpforms-field-size-input-spacing: 15px;\n--wpforms-field-size-font-size: 16px;\n--wpforms-field-size-line-height: 19px;\n--wpforms-field-size-padding-h: 14px;\n--wpforms-field-size-checkbox-size: 16px;\n--wpforms-field-size-sublabel-spacing: 5px;\n--wpforms-field-size-icon-size: 1;\n--wpforms-label-size-font-size: 16px;\n--wpforms-label-size-line-height: 19px;\n--wpforms-label-size-sublabel-font-size: 14px;\n--wpforms-label-size-sublabel-line-height: 17px;\n--wpforms-button-size-font-size: 17px;\n--wpforms-button-size-height: 41px;\n--wpforms-button-size-padding-h: 15px;\n--wpforms-button-size-margin-top: 10px;\n--wpforms-container-shadow-size-box-shadow: none;\n\t\t\t}\n\t\t\t<\/style><div class=\"wpforms-container wpforms-container-full wpforms-render-modern\" id=\"wpforms-1035\"><form id=\"wpforms-form-1035\" class=\"wpforms-validate wpforms-form wpforms-ajax-form\" data-formid=\"1035\" method=\"post\" enctype=\"multipart\/form-data\" action=\"\/de\/wp-json\/wp\/v2\/pages\/1032\" data-token=\"7d461bef1a1e6a92c36db803d8f5ca8b\" data-token-time=\"1777134010\"><noscript class=\"wpforms-error-noscript\">Bitte aktiviere JavaScript in deinem Browser, um dieses Formular fertigzustellen.<\/noscript><div id=\"wpforms-error-noscript\" style=\"display: none;\">Bitte aktiviere JavaScript in deinem Browser, um dieses Formular fertigzustellen.<\/div><div class=\"wpforms-field-container\"><div id=\"wpforms-1035-field_0-container\" class=\"wpforms-field wpforms-field-name\" data-field-id=\"0\"><label class=\"wpforms-field-label\" for=\"wpforms-1035-field_0\">Dein Name <span class=\"wpforms-required-label\" aria-hidden=\"true\">*<\/span><\/label><input type=\"text\" id=\"wpforms-1035-field_0\" class=\"wpforms-field-large wpforms-field-required\" name=\"wpforms[fields][0]\" aria-errormessage=\"wpforms-1035-field_0-error\" required><\/div>\t\t<div id=\"wpforms-1035-field_3-container\"\n\t\t\tclass=\"wpforms-field wpforms-field-text\"\n\t\t\tdata-field-type=\"text\"\n\t\t\tdata-field-id=\"3\"\n\t\t\t>\n\t\t\t<label class=\"wpforms-field-label\" for=\"wpforms-1035-field_3\" >Name Deine Dein<\/label>\n\t\t\t<input type=\"text\" id=\"wpforms-1035-field_3\" class=\"wpforms-field-medium\" name=\"wpforms[fields][3]\" >\n\t\t<\/div>\n\t\t<div id=\"wpforms-1035-field_1-container\" class=\"wpforms-field wpforms-field-email\" data-field-id=\"1\"><label class=\"wpforms-field-label\" for=\"wpforms-1035-field_1\">Deine Email <span class=\"wpforms-required-label\" aria-hidden=\"true\">*<\/span><\/label><input type=\"email\" id=\"wpforms-1035-field_1\" class=\"wpforms-field-large wpforms-field-required\" name=\"wpforms[fields][1]\" spellcheck=\"false\" aria-errormessage=\"wpforms-1035-field_1-error\" required><\/div><div id=\"wpforms-1035-field_2-container\" class=\"wpforms-field wpforms-field-textarea\" data-field-id=\"2\"><label class=\"wpforms-field-label\" for=\"wpforms-1035-field_2\">Deine Nachricht <span class=\"wpforms-required-label\" aria-hidden=\"true\">*<\/span><\/label><textarea id=\"wpforms-1035-field_2\" class=\"wpforms-field-medium wpforms-field-required\" name=\"wpforms[fields][2]\" aria-errormessage=\"wpforms-1035-field_2-error\" required><\/textarea><\/div><script>\n\t\t\t\t( function() {\n\t\t\t\t\tconst style = document.createElement( 'style' );\n\t\t\t\t\tstyle.appendChild( document.createTextNode( '#wpforms-1035-field_3-container { position: absolute !important; overflow: hidden !important; display: inline !important; height: 1px !important; width: 1px !important; z-index: -1000 !important; padding: 0 !important; } #wpforms-1035-field_3-container input { visibility: hidden; } #wpforms-conversational-form-page #wpforms-1035-field_3-container label { counter-increment: none; }' ) );\n\t\t\t\t\tdocument.head.appendChild( style );\n\t\t\t\t\tdocument.currentScript?.remove();\n\t\t\t\t} )();\n\t\t\t<\/script><\/div><!-- .wpforms-field-container --><div class=\"wpforms-submit-container\" ><input type=\"hidden\" name=\"wpforms[id]\" value=\"1035\"><input type=\"hidden\" name=\"page_title\" value=\"\"><input type=\"hidden\" name=\"page_url\" value=\"https:\/\/agebombs.com\/de\/wp-json\/wp\/v2\/pages\/1032\"><input type=\"hidden\" name=\"url_referer\" value=\"\"><button type=\"submit\" name=\"wpforms[submit]\" id=\"wpforms-submit-1035\" class=\"wpforms-submit\" data-alt-text=\"Senden...\" data-submit-text=\"Senden\" aria-live=\"assertive\" value=\"wpforms-submit\">Senden<\/button><img loading=\"lazy\" decoding=\"async\" src=\"https:\/\/agebombs.com\/wp-content\/plugins\/wpforms-lite\/assets\/images\/submit-spin.svg\" class=\"wpforms-submit-spinner\" style=\"display: none;\" width=\"26\" height=\"26\" alt=\"Wird geladen\"><\/div><\/form><\/div>  <!-- .wpforms-container -->\n","protected":false},"excerpt":{"rendered":"<p>Kontakt Du findest diese Expedition spannend und kannst sie mit Erfahrungen und Ideen bereichern, oder m\u00f6chtest Experten vorschlagen, [&hellip;]<\/p>\n","protected":false},"author":2,"featured_media":0,"parent":0,"menu_order":0,"comment_status":"closed","ping_status":"closed","template":"","meta":{"_acf_changed":false,"h5ap_radio_sources":[],"footnotes":""},"class_list":["post-1032","page","type-page","status-publish","hentry"],"acf":[],"yoast_head":"<!-- This site is optimized with the Yoast SEO plugin v26.7 - https:\/\/yoast.com\/wordpress\/plugins\/seo\/ -->\n<title>Kontakt - Age Bombs<\/title>\n<meta name=\"robots\" content=\"index, follow, max-snippet:-1, max-image-preview:large, max-video-preview:-1\" \/>\n<link rel=\"canonical\" href=\"https:\/\/agebombs.com\/contact\/\" \/>\n<meta property=\"og:locale\" content=\"de_DE\" \/>\n<meta property=\"og:type\" content=\"article\" \/>\n<meta property=\"og:title\" content=\"Kontakt - Age Bombs\" \/>\n<meta property=\"og:description\" content=\"Kontakt Du findest diese Expedition spannend und kannst sie mit Erfahrungen und Ideen bereichern, oder m\u00f6chtest Experten vorschlagen, [&hellip;]\" \/>\n<meta property=\"og:url\" content=\"https:\/\/agebombs.com\/contact\/\" \/>\n<meta property=\"og:site_name\" content=\"Age Bombs\" \/>\n<meta property=\"article:modified_time\" content=\"2024-04-17T09:14:50+00:00\" \/>\n<meta name=\"twitter:card\" content=\"summary_large_image\" \/>\n<meta name=\"twitter:label1\" content=\"Gesch\u00e4tzte Lesezeit\" \/>\n\t<meta name=\"twitter:data1\" content=\"1\u00a0Minute\" \/>\n<script type=\"application\/ld+json\" class=\"yoast-schema-graph\">{\"@context\":\"https:\/\/schema.org\",\"@graph\":[{\"@type\":\"WebPage\",\"@id\":\"https:\/\/agebombs.com\/contact\/\",\"url\":\"https:\/\/agebombs.com\/contact\/\",\"name\":\"Kontakt - Age Bombs\",\"isPartOf\":{\"@id\":\"https:\/\/agebombs.com\/#website\"},\"datePublished\":\"2024-02-20T08:33:03+00:00\",\"dateModified\":\"2024-04-17T09:14:50+00:00\",\"breadcrumb\":{\"@id\":\"https:\/\/agebombs.com\/contact\/#breadcrumb\"},\"inLanguage\":\"de\",\"potentialAction\":[{\"@type\":\"ReadAction\",\"target\":[\"https:\/\/agebombs.com\/contact\/\"]}]},{\"@type\":\"BreadcrumbList\",\"@id\":\"https:\/\/agebombs.com\/contact\/#breadcrumb\",\"itemListElement\":[{\"@type\":\"ListItem\",\"position\":1,\"name\":\"Home\",\"item\":\"https:\/\/agebombs.com\/de\/\"},{\"@type\":\"ListItem\",\"position\":2,\"name\":\"Kontakt\"}]},{\"@type\":\"WebSite\",\"@id\":\"https:\/\/agebombs.com\/#website\",\"url\":\"https:\/\/agebombs.com\/\",\"name\":\"Age Bombs\",\"description\":\"Alter und Altern neu denken.\",\"potentialAction\":[{\"@type\":\"SearchAction\",\"target\":{\"@type\":\"EntryPoint\",\"urlTemplate\":\"https:\/\/agebombs.com\/?s={search_term_string}\"},\"query-input\":{\"@type\":\"PropertyValueSpecification\",\"valueRequired\":true,\"valueName\":\"search_term_string\"}}],\"inLanguage\":\"de\"}]}<\/script>\n<!-- \/ Yoast SEO plugin. -->","yoast_head_json":{"title":"Kontakt - Age Bombs","robots":{"index":"index","follow":"follow","max-snippet":"max-snippet:-1","max-image-preview":"max-image-preview:large","max-video-preview":"max-video-preview:-1"},"canonical":"https:\/\/agebombs.com\/contact\/","og_locale":"de_DE","og_type":"article","og_title":"Kontakt - Age Bombs","og_description":"Kontakt Du findest diese Expedition spannend und kannst sie mit Erfahrungen und Ideen bereichern, oder m\u00f6chtest Experten vorschlagen, [&hellip;]","og_url":"https:\/\/agebombs.com\/contact\/","og_site_name":"Age Bombs","article_modified_time":"2024-04-17T09:14:50+00:00","twitter_card":"summary_large_image","twitter_misc":{"Gesch\u00e4tzte Lesezeit":"1\u00a0Minute"},"schema":{"@context":"https:\/\/schema.org","@graph":[{"@type":"WebPage","@id":"https:\/\/agebombs.com\/contact\/","url":"https:\/\/agebombs.com\/contact\/","name":"Kontakt - Age Bombs","isPartOf":{"@id":"https:\/\/agebombs.com\/#website"},"datePublished":"2024-02-20T08:33:03+00:00","dateModified":"2024-04-17T09:14:50+00:00","breadcrumb":{"@id":"https:\/\/agebombs.com\/contact\/#breadcrumb"},"inLanguage":"de","potentialAction":[{"@type":"ReadAction","target":["https:\/\/agebombs.com\/contact\/"]}]},{"@type":"BreadcrumbList","@id":"https:\/\/agebombs.com\/contact\/#breadcrumb","itemListElement":[{"@type":"ListItem","position":1,"name":"Home","item":"https:\/\/agebombs.com\/de\/"},{"@type":"ListItem","position":2,"name":"Kontakt"}]},{"@type":"WebSite","@id":"https:\/\/agebombs.com\/#website","url":"https:\/\/agebombs.com\/","name":"Age Bombs","description":"Alter und Altern neu denken.","potentialAction":[{"@type":"SearchAction","target":{"@type":"EntryPoint","urlTemplate":"https:\/\/agebombs.com\/?s={search_term_string}"},"query-input":{"@type":"PropertyValueSpecification","valueRequired":true,"valueName":"search_term_string"}}],"inLanguage":"de"}]}},"jetpack-related-posts":[{"id":2423,"url":"https:\/\/agebombs.com\/de\/about\/age-bombs\/","url_meta":{"origin":1032,"position":0},"title":"Age Bombs","author":"Mauricio","date":"Juli 24, 2025","format":false,"excerpt":"Wir denken Alter und Altern neu. Unsere Gesellschaft ver\u00e4ndert sich: Wir leben l\u00e4nger, arbeiten anders und bewegen uns durch vielf\u00e4ltigere Lebensphasen als fr\u00fcher. Lebensl\u00e4ufe werden offener, Rollen verschieben sich und Zusammenarbeit entsteht unter neuen Bedingungen. Doch viele Vorstellungen \u00fcber Alter bewegen sich kaum. Wenn wir Zusammenarbeit und Zusammenleben zukunftsf\u00e4hig gestalten\u2026","rel":"","context":"\u00c4hnlicher Beitrag","block_context":{"text":"\u00c4hnlicher Beitrag","link":""},"img":{"alt_text":"","src":"https:\/\/i0.wp.com\/agebombs.com\/wp-content\/uploads\/2025\/08\/AB_Website_Fotos_Vorlagen_ABOUT_AGE-BOMB-und-ROBERT-EYSOLDT_NEU.002.webp?resize=500%2C300&ssl=1","width":500,"height":300,"srcset":"https:\/\/i0.wp.com\/agebombs.com\/wp-content\/uploads\/2025\/08\/AB_Website_Fotos_Vorlagen_ABOUT_AGE-BOMB-und-ROBERT-EYSOLDT_NEU.002.webp?resize=500%2C300&ssl=1 1x, https:\/\/i0.wp.com\/agebombs.com\/wp-content\/uploads\/2025\/08\/AB_Website_Fotos_Vorlagen_ABOUT_AGE-BOMB-und-ROBERT-EYSOLDT_NEU.002.webp?resize=750%2C450&ssl=1 1.5x, https:\/\/i0.wp.com\/agebombs.com\/wp-content\/uploads\/2025\/08\/AB_Website_Fotos_Vorlagen_ABOUT_AGE-BOMB-und-ROBERT-EYSOLDT_NEU.002.webp?resize=1000%2C600&ssl=1 2x, https:\/\/i0.wp.com\/agebombs.com\/wp-content\/uploads\/2025\/08\/AB_Website_Fotos_Vorlagen_ABOUT_AGE-BOMB-und-ROBERT-EYSOLDT_NEU.002.webp?resize=1500%2C900&ssl=1 3x"},"classes":[]},{"id":2416,"url":"https:\/\/agebombs.com\/de\/about\/robert-eysoldt\/","url_meta":{"origin":1032,"position":1},"title":"Robert Eysoldt","author":"Mauricio","date":"Juli 24, 2025","format":false,"excerpt":"Perspektiven \u00f6ffnen & Orientierung geben. Robert Eysoldt ist Creative Strategist und Gr\u00fcnder von Age Bombs. Er arbeitet mit Unternehmen und Institutionen, die eingefahrene Altersbilder hinter sich lassen und Alter und Altern neu denken. Daf\u00fcr entstehen Strategien und Formate, die Perspektiven \u00f6ffnen und Orientierung geben. Formate als Einladung zum Perspektivwechsel Robert\u2026","rel":"","context":"\u00c4hnlicher Beitrag","block_context":{"text":"\u00c4hnlicher Beitrag","link":""},"img":{"alt_text":"","src":"https:\/\/i0.wp.com\/agebombs.com\/wp-content\/uploads\/2025\/08\/AB_Website_Fotos_Vorlagen_ABOUT_AGE-BOMB-und-ROBERT-EYSOLDT_NEU.001.webp?resize=500%2C300&ssl=1","width":500,"height":300,"srcset":"https:\/\/i0.wp.com\/agebombs.com\/wp-content\/uploads\/2025\/08\/AB_Website_Fotos_Vorlagen_ABOUT_AGE-BOMB-und-ROBERT-EYSOLDT_NEU.001.webp?resize=500%2C300&ssl=1 1x, https:\/\/i0.wp.com\/agebombs.com\/wp-content\/uploads\/2025\/08\/AB_Website_Fotos_Vorlagen_ABOUT_AGE-BOMB-und-ROBERT-EYSOLDT_NEU.001.webp?resize=750%2C450&ssl=1 1.5x, https:\/\/i0.wp.com\/agebombs.com\/wp-content\/uploads\/2025\/08\/AB_Website_Fotos_Vorlagen_ABOUT_AGE-BOMB-und-ROBERT-EYSOLDT_NEU.001.webp?resize=1000%2C600&ssl=1 2x, https:\/\/i0.wp.com\/agebombs.com\/wp-content\/uploads\/2025\/08\/AB_Website_Fotos_Vorlagen_ABOUT_AGE-BOMB-und-ROBERT-EYSOLDT_NEU.001.webp?resize=1500%2C900&ssl=1 3x"},"classes":[]},{"id":2995,"url":"https:\/\/agebombs.com\/de\/portfolio\/age-forward-lab\/","url_meta":{"origin":1032,"position":2},"title":"Age Forward Lab","author":"Mauricio","date":"August 5, 2025","format":false,"excerpt":"Das Age Forward Lab \u2013 ein kuratierter Denkraum, um Alter und Altern neu zu denken Unsere Gesellschaft wird vielf\u00e4ltiger. Komplexer. Widerspr\u00fcchlicher. Und vor allem \u00e4lter. Was hei\u00dft das f\u00fcr die Strukturen, in denen wir leben und arbeiten? F\u00fcr Organisationen, Institutionen und unsere Gesellschaft? Und wie kommen wir raus aus Routinen,\u2026","rel":"","context":"\u00c4hnlicher Beitrag","block_context":{"text":"\u00c4hnlicher Beitrag","link":""},"img":{"alt_text":"","src":"https:\/\/i0.wp.com\/agebombs.com\/wp-content\/uploads\/2025\/08\/AB_Website_Fotos_Vorlagen_Age-Forward-Lab_Portfolio.001.webp?resize=500%2C300&ssl=1","width":500,"height":300,"srcset":"https:\/\/i0.wp.com\/agebombs.com\/wp-content\/uploads\/2025\/08\/AB_Website_Fotos_Vorlagen_Age-Forward-Lab_Portfolio.001.webp?resize=500%2C300&ssl=1 1x, https:\/\/i0.wp.com\/agebombs.com\/wp-content\/uploads\/2025\/08\/AB_Website_Fotos_Vorlagen_Age-Forward-Lab_Portfolio.001.webp?resize=750%2C450&ssl=1 1.5x, https:\/\/i0.wp.com\/agebombs.com\/wp-content\/uploads\/2025\/08\/AB_Website_Fotos_Vorlagen_Age-Forward-Lab_Portfolio.001.webp?resize=1000%2C600&ssl=1 2x, https:\/\/i0.wp.com\/agebombs.com\/wp-content\/uploads\/2025\/08\/AB_Website_Fotos_Vorlagen_Age-Forward-Lab_Portfolio.001.webp?resize=1500%2C900&ssl=1 3x"},"classes":[]},{"id":2997,"url":"https:\/\/agebombs.com\/de\/portfolio\/keynotes\/","url_meta":{"origin":1032,"position":3},"title":"Keynotes","author":"Mauricio","date":"August 5, 2025","format":false,"excerpt":"Age Bombs Keynotes \u2013 Perspektivwechsel mit Haltung Der demografische Wandel ist da, nur unser Denken hinkt hinterher. W\u00e4hrend sich Lebensl\u00e4ufe ver\u00e4ndern und Erwartungen wachsen, halten sich in vielen Organisationen die alten Bilder vom Alter. So wird Alter immer noch untersch\u00e4tzt, falsch erz\u00e4hlt, oder einfach ausgeblendet. Genau hier setzen die Keynotes\u2026","rel":"","context":"\u00c4hnlicher Beitrag","block_context":{"text":"\u00c4hnlicher Beitrag","link":""},"img":{"alt_text":"","src":"https:\/\/i0.wp.com\/agebombs.com\/wp-content\/uploads\/2025\/08\/AB_Social-Media_Instagram_NEUES-FORMAT_REPUBLICA2025.001-150x150.webp?resize=500%2C300&ssl=1","width":500,"height":300,"srcset":"https:\/\/i0.wp.com\/agebombs.com\/wp-content\/uploads\/2025\/08\/AB_Social-Media_Instagram_NEUES-FORMAT_REPUBLICA2025.001-150x150.webp?resize=500%2C300&ssl=1 1x, https:\/\/i0.wp.com\/agebombs.com\/wp-content\/uploads\/2025\/08\/AB_Social-Media_Instagram_NEUES-FORMAT_REPUBLICA2025.001-150x150.webp?resize=750%2C450&ssl=1 1.5x"},"classes":[]},{"id":2999,"url":"https:\/\/agebombs.com\/de\/portfolio\/workshops\/","url_meta":{"origin":1032,"position":4},"title":"Workshops","author":"Mauricio","date":"August 5, 2025","format":false,"excerpt":"Workshops, die Altersklischees sprengen und Teams zukunftsf\u00e4hig machen Altersdiversit\u00e4t ist ein Schatz, wenn man wei\u00df, wie man ihn hebt. Denn wo unterschiedliche Lebensphasen, Erfahrungen und Sichtweisen zusammentreffen, entsteht ein unglaubliches Potenzial f\u00fcr Wandel, Innovation und Resilienz. Doch genau dieses Potenzial bleibt in vielen Organisationen ungenutzt. Altersvielfalt wird oft falsch gelesen\u2028\u2026","rel":"","context":"\u00c4hnlicher Beitrag","block_context":{"text":"\u00c4hnlicher Beitrag","link":""},"img":{"alt_text":"","src":"https:\/\/i0.wp.com\/agebombs.com\/wp-content\/uploads\/2025\/08\/AB_Website_Fotos_Vorlagen_NEU.001.webp?resize=500%2C300&ssl=1","width":500,"height":300,"srcset":"https:\/\/i0.wp.com\/agebombs.com\/wp-content\/uploads\/2025\/08\/AB_Website_Fotos_Vorlagen_NEU.001.webp?resize=500%2C300&ssl=1 1x, https:\/\/i0.wp.com\/agebombs.com\/wp-content\/uploads\/2025\/08\/AB_Website_Fotos_Vorlagen_NEU.001.webp?resize=750%2C450&ssl=1 1.5x, https:\/\/i0.wp.com\/agebombs.com\/wp-content\/uploads\/2025\/08\/AB_Website_Fotos_Vorlagen_NEU.001.webp?resize=1000%2C600&ssl=1 2x, https:\/\/i0.wp.com\/agebombs.com\/wp-content\/uploads\/2025\/08\/AB_Website_Fotos_Vorlagen_NEU.001.webp?resize=1500%2C900&ssl=1 3x"},"classes":[]},{"id":2413,"url":"https:\/\/agebombs.com\/de\/about\/medien\/","url_meta":{"origin":1032,"position":5},"title":"Medien","author":"Mauricio","date":"Januar 22, 2026","format":false,"excerpt":"Age Bombs in den Medien Age Bombs taucht \u00fcberall dort auf, wo \u00fcber Alter und Altern gesprochen wird. Diese Seite sammelt Gespr\u00e4che, Beitr\u00e4ge und Formate, in denen unsere Haltung aufgegriffen, gespiegelt oder weitergedreht wird. Age Bombs auf die Ohren LINGA konkretDer Podcast von Niedersachsen.next und der\u00a0LINGA, Landesinitiative Niedersachsen Generationengerechter\u00a0Alltag\u00a0 (Februar\u2026","rel":"","context":"\u00c4hnlicher Beitrag","block_context":{"text":"\u00c4hnlicher Beitrag","link":""},"img":{"alt_text":"","src":"https:\/\/i0.wp.com\/agebombs.com\/wp-content\/uploads\/2026\/01\/AB_Website_Fotos_Vorlagen_MEDIA-TEASER.001.webp?resize=500%2C300&ssl=1","width":500,"height":300,"srcset":"https:\/\/i0.wp.com\/agebombs.com\/wp-content\/uploads\/2026\/01\/AB_Website_Fotos_Vorlagen_MEDIA-TEASER.001.webp?resize=500%2C300&ssl=1 1x, https:\/\/i0.wp.com\/agebombs.com\/wp-content\/uploads\/2026\/01\/AB_Website_Fotos_Vorlagen_MEDIA-TEASER.001.webp?resize=750%2C450&ssl=1 1.5x, https:\/\/i0.wp.com\/agebombs.com\/wp-content\/uploads\/2026\/01\/AB_Website_Fotos_Vorlagen_MEDIA-TEASER.001.webp?resize=1000%2C600&ssl=1 2x, https:\/\/i0.wp.com\/agebombs.com\/wp-content\/uploads\/2026\/01\/AB_Website_Fotos_Vorlagen_MEDIA-TEASER.001.webp?resize=1500%2C900&ssl=1 3x"},"classes":[]}],"jetpack_sharing_enabled":true,"_links":{"self":[{"href":"https:\/\/agebombs.com\/de\/wp-json\/wp\/v2\/pages\/1032","targetHints":{"allow":["GET"]}}],"collection":[{"href":"https:\/\/agebombs.com\/de\/wp-json\/wp\/v2\/pages"}],"about":[{"href":"https:\/\/agebombs.com\/de\/wp-json\/wp\/v2\/types\/page"}],"author":[{"embeddable":true,"href":"https:\/\/agebombs.com\/de\/wp-json\/wp\/v2\/users\/2"}],"replies":[{"embeddable":true,"href":"https:\/\/agebombs.com\/de\/wp-json\/wp\/v2\/comments?post=1032"}],"version-history":[{"count":5,"href":"https:\/\/agebombs.com\/de\/wp-json\/wp\/v2\/pages\/1032\/revisions"}],"predecessor-version":[{"id":1339,"href":"https:\/\/agebombs.com\/de\/wp-json\/wp\/v2\/pages\/1032\/revisions\/1339"}],"wp:attachment":[{"href":"https:\/\/agebombs.com\/de\/wp-json\/wp\/v2\/media?parent=1032"}],"curies":[{"name":"wp","href":"https:\/\/api.w.org\/{rel}","templated":true}]}}