{"id":831,"date":"2024-02-20T08:29:03","date_gmt":"2024-02-20T08:29:03","guid":{"rendered":"https:\/\/agebombs.com\/about\/"},"modified":"2026-03-28T10:45:40","modified_gmt":"2026-03-28T10:45:40","slug":"about","status":"publish","type":"page","link":"https:\/\/agebombs.com\/de\/","title":{"rendered":"About"},"content":{"rendered":"\n<h1 class=\"wp-block-heading\">Lasst uns Zukunft nicht l\u00e4nger nach Alterslogiken ordnen.<\/h1>\n\n\n\n<h3 class=\"wp-block-heading\"><mark style=\"background-color:#ffffff\" class=\"has-inline-color\">Willkommen<\/mark> bei Age Bombs, dem kreativen und beratungsstarken Partner f\u00fcr Unternehmen, Institutionen und Teams, die bereit sind, Alter und Altern neu zu denken.<br><br><a href=\"https:\/\/calendly.com\/robert-eysoldt-agebombs\/30min\"><strong><mark style=\"background-color:#ffffff\" class=\"has-inline-color\"><\/mark><\/strong><\/a><strong><a href=\"https:\/\/calendly.com\/robert-eysoldt-agebombs\/30min\">Du willst lieber direkt dr\u00fcber sprechen?<\/a><\/strong><a href=\"https:\/\/calendly.com\/robert-eysoldt-agebombs\/30min\"><br><strong>Dann buch dir einen Videocall.<\/strong><\/a><br><br>Wir machen sichtbar, wie Altersbilder Entscheidungen, Zusammenarbeit und Entwicklung pr\u00e4gen, hinterfragen festgefahrene Zuschreibungen und entwickeln aus unterschiedlichen Perspektiven konkrete Handlungsoptionen.<br><br>Unser Angebot richtet sich an alle, die Zukunft nicht l\u00e4nger nach Alterslogiken ordnen wollen. <br><br>Denn Zukunftsf\u00e4higkeit entsteht dort, wo Potenziale nicht vorschnell einsortiert, sondern bewusst erkannt und wirksam verbunden werden. Im Arbeitsalltag und im gesellschaftlichen Miteinander.<br><br>Genau hier setzt Age Bombs an. Mit Formaten, die neue Sichtweisen er\u00f6ffnen, Verbindungen schaffen und konkrete Ver\u00e4nderung in Gang setzen.<br>\u00a0<br>Mit <a href=\"https:\/\/agebombs.com\/de\/portfolio\/keynotes\/\">Keynotes<\/a> und <a href=\"https:\/\/agebombs.com\/de\/portfolio\/impulse\/\">Impulsen<\/a> schaffen wir Orientierung, er\u00f6ffnen neue Perspektiven und bereiten Entscheidungen vor.<br> <br>In <a href=\"https:\/\/agebombs.com\/de\/portfolio\/workshops\/\">Workshops<\/a> und <a href=\"https:\/\/agebombs.com\/de\/portfolio\/age-forward-lab\/\">Labs<\/a> bringen wir verschiedene Perspektiven in einen gemeinsamen Arbeitsraum und entwickeln daraus neue Ideen und konkrete n\u00e4chste Schritte.<br><br>Wenn du wissen willst, was m\u00f6glich wird, wenn Alter nicht l\u00e4nger mitentscheidet, dann lass uns sprechen. <br><br>Buch dir einen unverbindlichen Videocall mit <a href=\"https:\/\/agebombs.com\/de\/about\/robert-eysoldt\/\">Robert Eysoldt<\/a>, dem Gr\u00fcnder von Age Bombs, und finde heraus, wie wir dich, dein Team oder deine Organisation wirksam unterst\u00fctzen k\u00f6nnen.<br><br><a href=\"https:\/\/calendly.com\/robert-eysoldt-agebombs\/30min\">Jetzt Videocall vereinbaren.<\/a><br><\/h3>\n\n\n<div class=\"lps-block\"><h3 class=\"lps-heading\">Impulse aus dem Magazin<\/h3><div class=\"lps-latest-posts lps-cols-3\"><article class=\"lps-item\"><a class=\"lps-thumb\" href=\"https:\/\/agebombs.com\/de\/bund-fuehrt-meldepflicht-fuer-ageism-ein\/\" aria-label=\"Bund f\u00fchrt Meldepflicht f\u00fcr Ageism ein\"><img loading=\"lazy\" decoding=\"async\" width=\"940\" height=\"565\" src=\"https:\/\/agebombs.com\/wp-content\/uploads\/2026\/04\/MINISTERIUM.001-1024x616.webp\" class=\"attachment-large size-large wp-post-image\" alt=\"\" srcset=\"https:\/\/agebombs.com\/wp-content\/uploads\/2026\/04\/MINISTERIUM.001-1024x616.webp 1024w, https:\/\/agebombs.com\/wp-content\/uploads\/2026\/04\/MINISTERIUM.001-300x180.webp 300w, https:\/\/agebombs.com\/wp-content\/uploads\/2026\/04\/MINISTERIUM.001-768x462.webp 768w, https:\/\/agebombs.com\/wp-content\/uploads\/2026\/04\/MINISTERIUM.001-1536x924.webp 1536w, https:\/\/agebombs.com\/wp-content\/uploads\/2026\/04\/MINISTERIUM.001-450x271.webp 450w, https:\/\/agebombs.com\/wp-content\/uploads\/2026\/04\/MINISTERIUM.001-998x600.webp 998w, https:\/\/agebombs.com\/wp-content\/uploads\/2026\/04\/MINISTERIUM.001.webp 1600w\" sizes=\"auto, (max-width: 940px) 100vw, 940px\" \/><\/a><h3 class=\"lps-title\"><a href=\"https:\/\/agebombs.com\/de\/bund-fuehrt-meldepflicht-fuer-ageism-ein\/\">Bund f\u00fchrt Meldepflicht f\u00fcr Ageism ein<\/a><\/h3><\/article><article class=\"lps-item\"><a class=\"lps-thumb\" href=\"https:\/\/agebombs.com\/de\/age-forward-lab-zuerich\/\" aria-label=\"Z\u00fcri d\u00e4nkt Alter(n) n\u00f6i &#8211; Das Age Forward Lab am 7. Mai in Z\u00fcrich\"><img loading=\"lazy\" decoding=\"async\" width=\"940\" height=\"565\" src=\"https:\/\/agebombs.com\/wp-content\/uploads\/2026\/03\/ZUeRI.001-1024x616.webp\" class=\"attachment-large size-large wp-post-image\" alt=\"\" srcset=\"https:\/\/agebombs.com\/wp-content\/uploads\/2026\/03\/ZUeRI.001-1024x616.webp 1024w, https:\/\/agebombs.com\/wp-content\/uploads\/2026\/03\/ZUeRI.001-300x180.webp 300w, https:\/\/agebombs.com\/wp-content\/uploads\/2026\/03\/ZUeRI.001-768x462.webp 768w, https:\/\/agebombs.com\/wp-content\/uploads\/2026\/03\/ZUeRI.001-1536x924.webp 1536w, https:\/\/agebombs.com\/wp-content\/uploads\/2026\/03\/ZUeRI.001-450x271.webp 450w, https:\/\/agebombs.com\/wp-content\/uploads\/2026\/03\/ZUeRI.001-998x600.webp 998w, https:\/\/agebombs.com\/wp-content\/uploads\/2026\/03\/ZUeRI.001.webp 1600w\" sizes=\"auto, (max-width: 940px) 100vw, 940px\" \/><\/a><h3 class=\"lps-title\"><a href=\"https:\/\/agebombs.com\/de\/age-forward-lab-zuerich\/\">Z\u00fcri d\u00e4nkt Alter(n) n\u00f6i &#8211; Das Age Forward Lab am 7. Mai in Z\u00fcrich<\/a><\/h3><\/article><article class=\"lps-item\"><a class=\"lps-thumb\" href=\"https:\/\/agebombs.com\/de\/alter-ist-kein-kpi\/\" aria-label=\"Alter ist kein KPI \u2013 Das Age Forward Lab am 24. April in Berlin\"><img loading=\"lazy\" decoding=\"async\" width=\"940\" height=\"565\" src=\"https:\/\/agebombs.com\/wp-content\/uploads\/2026\/03\/AB_Website_Fotos_Vorlagen_KPI.001-1024x616.webp\" class=\"attachment-large size-large wp-post-image\" alt=\"\" srcset=\"https:\/\/agebombs.com\/wp-content\/uploads\/2026\/03\/AB_Website_Fotos_Vorlagen_KPI.001-1024x616.webp 1024w, https:\/\/agebombs.com\/wp-content\/uploads\/2026\/03\/AB_Website_Fotos_Vorlagen_KPI.001-300x180.webp 300w, https:\/\/agebombs.com\/wp-content\/uploads\/2026\/03\/AB_Website_Fotos_Vorlagen_KPI.001-768x462.webp 768w, https:\/\/agebombs.com\/wp-content\/uploads\/2026\/03\/AB_Website_Fotos_Vorlagen_KPI.001-1536x924.webp 1536w, https:\/\/agebombs.com\/wp-content\/uploads\/2026\/03\/AB_Website_Fotos_Vorlagen_KPI.001-450x271.webp 450w, https:\/\/agebombs.com\/wp-content\/uploads\/2026\/03\/AB_Website_Fotos_Vorlagen_KPI.001-998x600.webp 998w, https:\/\/agebombs.com\/wp-content\/uploads\/2026\/03\/AB_Website_Fotos_Vorlagen_KPI.001.webp 1600w\" sizes=\"auto, (max-width: 940px) 100vw, 940px\" \/><\/a><h3 class=\"lps-title\"><a href=\"https:\/\/agebombs.com\/de\/alter-ist-kein-kpi\/\">Alter ist kein KPI \u2013 Das Age Forward Lab am 24. April in Berlin<\/a><\/h3><\/article><\/div><\/div>\n","protected":false},"excerpt":{"rendered":"<p>Lasst uns Zukunft nicht l\u00e4nger nach Alterslogiken ordnen. Willkommen bei Age Bombs, dem kreativen und beratungsstarken Partner f\u00fcr [&hellip;]<\/p>\n","protected":false},"author":2,"featured_media":3305,"parent":0,"menu_order":0,"comment_status":"closed","ping_status":"closed","template":"","meta":{"_acf_changed":false,"h5ap_radio_sources":[],"footnotes":""},"class_list":["post-831","page","type-page","status-publish","has-post-thumbnail","hentry"],"acf":[],"yoast_head":"<!-- This site is optimized with the Yoast SEO plugin v26.7 - https:\/\/yoast.com\/wordpress\/plugins\/seo\/ -->\n<title>Age Bombs - Alter und Altern neu denken<\/title>\n<meta name=\"description\" content=\"Age Bombs ist der kreative und beratungsstarke Partner f\u00fcr Organisationen, Teams und Menschen, die Alter und Altern neu denken wollen.\" \/>\n<meta name=\"robots\" content=\"index, follow, max-snippet:-1, max-image-preview:large, max-video-preview:-1\" \/>\n<link rel=\"canonical\" href=\"https:\/\/agebombs.com\/de\/\" \/>\n<meta property=\"og:locale\" content=\"de_DE\" \/>\n<meta property=\"og:type\" content=\"article\" \/>\n<meta property=\"og:title\" content=\"Age Bombs - Alter und Altern neu denken\" \/>\n<meta property=\"og:description\" content=\"Age Bombs ist der kreative und beratungsstarke Partner f\u00fcr Organisationen, Teams und Menschen, die Alter und Altern neu denken wollen.\" \/>\n<meta property=\"og:url\" content=\"https:\/\/agebombs.com\/de\/\" \/>\n<meta property=\"og:site_name\" content=\"Age Bombs\" \/>\n<meta property=\"article:modified_time\" content=\"2026-03-28T10:45:40+00:00\" \/>\n<meta property=\"og:image\" content=\"https:\/\/agebombs.com\/wp-content\/uploads\/2025\/08\/AB_Website_Fotos_Vorlagen_IMPULSE-COVER.001.webp\" \/>\n\t<meta property=\"og:image:width\" content=\"1600\" \/>\n\t<meta property=\"og:image:height\" content=\"962\" \/>\n\t<meta property=\"og:image:type\" content=\"image\/webp\" \/>\n<meta name=\"twitter:card\" content=\"summary_large_image\" \/>\n<meta name=\"twitter:label1\" content=\"Gesch\u00e4tzte Lesezeit\" \/>\n\t<meta name=\"twitter:data1\" content=\"2\u00a0Minuten\" \/>\n<script type=\"application\/ld+json\" class=\"yoast-schema-graph\">{\"@context\":\"https:\/\/schema.org\",\"@graph\":[{\"@type\":\"WebPage\",\"@id\":\"https:\/\/agebombs.com\/de\/\",\"url\":\"https:\/\/agebombs.com\/de\/\",\"name\":\"Age Bombs - Alter und Altern neu denken\",\"isPartOf\":{\"@id\":\"https:\/\/agebombs.com\/#website\"},\"primaryImageOfPage\":{\"@id\":\"https:\/\/agebombs.com\/de\/#primaryimage\"},\"image\":{\"@id\":\"https:\/\/agebombs.com\/de\/#primaryimage\"},\"thumbnailUrl\":\"https:\/\/agebombs.com\/wp-content\/uploads\/2025\/08\/AB_Website_Fotos_Vorlagen_IMPULSE-COVER.001.webp\",\"datePublished\":\"2024-02-20T08:29:03+00:00\",\"dateModified\":\"2026-03-28T10:45:40+00:00\",\"description\":\"Age Bombs ist der kreative und beratungsstarke Partner f\u00fcr Organisationen, Teams und Menschen, die Alter und Altern neu denken wollen.\",\"breadcrumb\":{\"@id\":\"https:\/\/agebombs.com\/de\/#breadcrumb\"},\"inLanguage\":\"de\",\"potentialAction\":[{\"@type\":\"ReadAction\",\"target\":[\"https:\/\/agebombs.com\/de\/\"]}]},{\"@type\":\"ImageObject\",\"inLanguage\":\"de\",\"@id\":\"https:\/\/agebombs.com\/de\/#primaryimage\",\"url\":\"https:\/\/agebombs.com\/wp-content\/uploads\/2025\/08\/AB_Website_Fotos_Vorlagen_IMPULSE-COVER.001.webp\",\"contentUrl\":\"https:\/\/agebombs.com\/wp-content\/uploads\/2025\/08\/AB_Website_Fotos_Vorlagen_IMPULSE-COVER.001.webp\",\"width\":1600,\"height\":962},{\"@type\":\"BreadcrumbList\",\"@id\":\"https:\/\/agebombs.com\/de\/#breadcrumb\",\"itemListElement\":[{\"@type\":\"ListItem\",\"position\":1,\"name\":\"Home\",\"item\":\"https:\/\/agebombs.com\/de\/\"},{\"@type\":\"ListItem\",\"position\":2,\"name\":\"About\"}]},{\"@type\":\"WebSite\",\"@id\":\"https:\/\/agebombs.com\/#website\",\"url\":\"https:\/\/agebombs.com\/\",\"name\":\"Age Bombs\",\"description\":\"Alter und Altern neu denken.\",\"potentialAction\":[{\"@type\":\"SearchAction\",\"target\":{\"@type\":\"EntryPoint\",\"urlTemplate\":\"https:\/\/agebombs.com\/?s={search_term_string}\"},\"query-input\":{\"@type\":\"PropertyValueSpecification\",\"valueRequired\":true,\"valueName\":\"search_term_string\"}}],\"inLanguage\":\"de\"}]}<\/script>\n<!-- \/ Yoast SEO plugin. -->","yoast_head_json":{"title":"Age Bombs - Alter und Altern neu denken","description":"Age Bombs ist der kreative und beratungsstarke Partner f\u00fcr Organisationen, Teams und Menschen, die Alter und Altern neu denken wollen.","robots":{"index":"index","follow":"follow","max-snippet":"max-snippet:-1","max-image-preview":"max-image-preview:large","max-video-preview":"max-video-preview:-1"},"canonical":"https:\/\/agebombs.com\/de\/","og_locale":"de_DE","og_type":"article","og_title":"Age Bombs - Alter und Altern neu denken","og_description":"Age Bombs ist der kreative und beratungsstarke Partner f\u00fcr Organisationen, Teams und Menschen, die Alter und Altern neu denken wollen.","og_url":"https:\/\/agebombs.com\/de\/","og_site_name":"Age Bombs","article_modified_time":"2026-03-28T10:45:40+00:00","og_image":[{"width":1600,"height":962,"url":"https:\/\/agebombs.com\/wp-content\/uploads\/2025\/08\/AB_Website_Fotos_Vorlagen_IMPULSE-COVER.001.webp","type":"image\/webp"}],"twitter_card":"summary_large_image","twitter_misc":{"Gesch\u00e4tzte Lesezeit":"2\u00a0Minuten"},"schema":{"@context":"https:\/\/schema.org","@graph":[{"@type":"WebPage","@id":"https:\/\/agebombs.com\/de\/","url":"https:\/\/agebombs.com\/de\/","name":"Age Bombs - Alter und Altern neu denken","isPartOf":{"@id":"https:\/\/agebombs.com\/#website"},"primaryImageOfPage":{"@id":"https:\/\/agebombs.com\/de\/#primaryimage"},"image":{"@id":"https:\/\/agebombs.com\/de\/#primaryimage"},"thumbnailUrl":"https:\/\/agebombs.com\/wp-content\/uploads\/2025\/08\/AB_Website_Fotos_Vorlagen_IMPULSE-COVER.001.webp","datePublished":"2024-02-20T08:29:03+00:00","dateModified":"2026-03-28T10:45:40+00:00","description":"Age Bombs ist der kreative und beratungsstarke Partner f\u00fcr Organisationen, Teams und Menschen, die Alter und Altern neu denken wollen.","breadcrumb":{"@id":"https:\/\/agebombs.com\/de\/#breadcrumb"},"inLanguage":"de","potentialAction":[{"@type":"ReadAction","target":["https:\/\/agebombs.com\/de\/"]}]},{"@type":"ImageObject","inLanguage":"de","@id":"https:\/\/agebombs.com\/de\/#primaryimage","url":"https:\/\/agebombs.com\/wp-content\/uploads\/2025\/08\/AB_Website_Fotos_Vorlagen_IMPULSE-COVER.001.webp","contentUrl":"https:\/\/agebombs.com\/wp-content\/uploads\/2025\/08\/AB_Website_Fotos_Vorlagen_IMPULSE-COVER.001.webp","width":1600,"height":962},{"@type":"BreadcrumbList","@id":"https:\/\/agebombs.com\/de\/#breadcrumb","itemListElement":[{"@type":"ListItem","position":1,"name":"Home","item":"https:\/\/agebombs.com\/de\/"},{"@type":"ListItem","position":2,"name":"About"}]},{"@type":"WebSite","@id":"https:\/\/agebombs.com\/#website","url":"https:\/\/agebombs.com\/","name":"Age Bombs","description":"Alter und Altern neu denken.","potentialAction":[{"@type":"SearchAction","target":{"@type":"EntryPoint","urlTemplate":"https:\/\/agebombs.com\/?s={search_term_string}"},"query-input":{"@type":"PropertyValueSpecification","valueRequired":true,"valueName":"search_term_string"}}],"inLanguage":"de"}]}},"jetpack-related-posts":[{"id":2423,"url":"https:\/\/agebombs.com\/de\/about\/age-bombs\/","url_meta":{"origin":831,"position":0},"title":"Age Bombs","author":"Mauricio","date":"Juli 24, 2025","format":false,"excerpt":"Wir denken Alter und Altern neu. Unsere Gesellschaft ver\u00e4ndert sich: Wir leben l\u00e4nger, arbeiten anders und bewegen uns durch vielf\u00e4ltigere Lebensphasen als fr\u00fcher. Lebensl\u00e4ufe werden offener, Rollen verschieben sich und Zusammenarbeit entsteht unter neuen Bedingungen. Doch viele Vorstellungen \u00fcber Alter bewegen sich kaum. Wenn wir Zusammenarbeit und Zusammenleben zukunftsf\u00e4hig gestalten\u2026","rel":"","context":"\u00c4hnlicher Beitrag","block_context":{"text":"\u00c4hnlicher Beitrag","link":""},"img":{"alt_text":"","src":"https:\/\/i0.wp.com\/agebombs.com\/wp-content\/uploads\/2025\/08\/AB_Website_Fotos_Vorlagen_ABOUT_AGE-BOMB-und-ROBERT-EYSOLDT_NEU.002.webp?resize=500%2C300&ssl=1","width":500,"height":300,"srcset":"https:\/\/i0.wp.com\/agebombs.com\/wp-content\/uploads\/2025\/08\/AB_Website_Fotos_Vorlagen_ABOUT_AGE-BOMB-und-ROBERT-EYSOLDT_NEU.002.webp?resize=500%2C300&ssl=1 1x, https:\/\/i0.wp.com\/agebombs.com\/wp-content\/uploads\/2025\/08\/AB_Website_Fotos_Vorlagen_ABOUT_AGE-BOMB-und-ROBERT-EYSOLDT_NEU.002.webp?resize=750%2C450&ssl=1 1.5x, https:\/\/i0.wp.com\/agebombs.com\/wp-content\/uploads\/2025\/08\/AB_Website_Fotos_Vorlagen_ABOUT_AGE-BOMB-und-ROBERT-EYSOLDT_NEU.002.webp?resize=1000%2C600&ssl=1 2x, https:\/\/i0.wp.com\/agebombs.com\/wp-content\/uploads\/2025\/08\/AB_Website_Fotos_Vorlagen_ABOUT_AGE-BOMB-und-ROBERT-EYSOLDT_NEU.002.webp?resize=1500%2C900&ssl=1 3x"},"classes":[]},{"id":2416,"url":"https:\/\/agebombs.com\/de\/about\/robert-eysoldt\/","url_meta":{"origin":831,"position":1},"title":"Robert Eysoldt","author":"Mauricio","date":"Juli 24, 2025","format":false,"excerpt":"Perspektiven \u00f6ffnen & Orientierung geben. Robert Eysoldt ist Creative Strategist und Gr\u00fcnder von Age Bombs. Er arbeitet mit Unternehmen und Institutionen, die eingefahrene Altersbilder hinter sich lassen und Alter und Altern neu denken. Daf\u00fcr entstehen Strategien und Formate, die Perspektiven \u00f6ffnen und Orientierung geben. Formate als Einladung zum Perspektivwechsel Robert\u2026","rel":"","context":"\u00c4hnlicher Beitrag","block_context":{"text":"\u00c4hnlicher Beitrag","link":""},"img":{"alt_text":"","src":"https:\/\/i0.wp.com\/agebombs.com\/wp-content\/uploads\/2025\/08\/AB_Website_Fotos_Vorlagen_ABOUT_AGE-BOMB-und-ROBERT-EYSOLDT_NEU.001.webp?resize=500%2C300&ssl=1","width":500,"height":300,"srcset":"https:\/\/i0.wp.com\/agebombs.com\/wp-content\/uploads\/2025\/08\/AB_Website_Fotos_Vorlagen_ABOUT_AGE-BOMB-und-ROBERT-EYSOLDT_NEU.001.webp?resize=500%2C300&ssl=1 1x, https:\/\/i0.wp.com\/agebombs.com\/wp-content\/uploads\/2025\/08\/AB_Website_Fotos_Vorlagen_ABOUT_AGE-BOMB-und-ROBERT-EYSOLDT_NEU.001.webp?resize=750%2C450&ssl=1 1.5x, https:\/\/i0.wp.com\/agebombs.com\/wp-content\/uploads\/2025\/08\/AB_Website_Fotos_Vorlagen_ABOUT_AGE-BOMB-und-ROBERT-EYSOLDT_NEU.001.webp?resize=1000%2C600&ssl=1 2x, https:\/\/i0.wp.com\/agebombs.com\/wp-content\/uploads\/2025\/08\/AB_Website_Fotos_Vorlagen_ABOUT_AGE-BOMB-und-ROBERT-EYSOLDT_NEU.001.webp?resize=1500%2C900&ssl=1 3x"},"classes":[]},{"id":2995,"url":"https:\/\/agebombs.com\/de\/portfolio\/age-forward-lab\/","url_meta":{"origin":831,"position":2},"title":"Age Forward Lab","author":"Mauricio","date":"August 5, 2025","format":false,"excerpt":"Das Age Forward Lab \u2013 ein kuratierter Denkraum, um Alter und Altern neu zu denken Unsere Gesellschaft wird vielf\u00e4ltiger. Komplexer. Widerspr\u00fcchlicher. Und vor allem \u00e4lter. Was hei\u00dft das f\u00fcr die Strukturen, in denen wir leben und arbeiten? F\u00fcr Organisationen, Institutionen und unsere Gesellschaft? Und wie kommen wir raus aus Routinen,\u2026","rel":"","context":"\u00c4hnlicher Beitrag","block_context":{"text":"\u00c4hnlicher Beitrag","link":""},"img":{"alt_text":"","src":"https:\/\/i0.wp.com\/agebombs.com\/wp-content\/uploads\/2025\/08\/AB_Website_Fotos_Vorlagen_Age-Forward-Lab_Portfolio.001.webp?resize=500%2C300&ssl=1","width":500,"height":300,"srcset":"https:\/\/i0.wp.com\/agebombs.com\/wp-content\/uploads\/2025\/08\/AB_Website_Fotos_Vorlagen_Age-Forward-Lab_Portfolio.001.webp?resize=500%2C300&ssl=1 1x, https:\/\/i0.wp.com\/agebombs.com\/wp-content\/uploads\/2025\/08\/AB_Website_Fotos_Vorlagen_Age-Forward-Lab_Portfolio.001.webp?resize=750%2C450&ssl=1 1.5x, https:\/\/i0.wp.com\/agebombs.com\/wp-content\/uploads\/2025\/08\/AB_Website_Fotos_Vorlagen_Age-Forward-Lab_Portfolio.001.webp?resize=1000%2C600&ssl=1 2x, https:\/\/i0.wp.com\/agebombs.com\/wp-content\/uploads\/2025\/08\/AB_Website_Fotos_Vorlagen_Age-Forward-Lab_Portfolio.001.webp?resize=1500%2C900&ssl=1 3x"},"classes":[]},{"id":2997,"url":"https:\/\/agebombs.com\/de\/portfolio\/keynotes\/","url_meta":{"origin":831,"position":3},"title":"Keynotes","author":"Mauricio","date":"August 5, 2025","format":false,"excerpt":"Age Bombs Keynotes \u2013 Perspektivwechsel mit Haltung Der demografische Wandel ist da, nur unser Denken hinkt hinterher. W\u00e4hrend sich Lebensl\u00e4ufe ver\u00e4ndern und Erwartungen wachsen, halten sich in vielen Organisationen die alten Bilder vom Alter. So wird Alter immer noch untersch\u00e4tzt, falsch erz\u00e4hlt, oder einfach ausgeblendet. Genau hier setzen die Keynotes\u2026","rel":"","context":"\u00c4hnlicher Beitrag","block_context":{"text":"\u00c4hnlicher Beitrag","link":""},"img":{"alt_text":"","src":"https:\/\/i0.wp.com\/agebombs.com\/wp-content\/uploads\/2025\/08\/AB_Social-Media_Instagram_NEUES-FORMAT_REPUBLICA2025.001-150x150.webp?resize=500%2C300&ssl=1","width":500,"height":300,"srcset":"https:\/\/i0.wp.com\/agebombs.com\/wp-content\/uploads\/2025\/08\/AB_Social-Media_Instagram_NEUES-FORMAT_REPUBLICA2025.001-150x150.webp?resize=500%2C300&ssl=1 1x, https:\/\/i0.wp.com\/agebombs.com\/wp-content\/uploads\/2025\/08\/AB_Social-Media_Instagram_NEUES-FORMAT_REPUBLICA2025.001-150x150.webp?resize=750%2C450&ssl=1 1.5x"},"classes":[]},{"id":2999,"url":"https:\/\/agebombs.com\/de\/portfolio\/workshops\/","url_meta":{"origin":831,"position":4},"title":"Workshops","author":"Mauricio","date":"August 5, 2025","format":false,"excerpt":"Workshops, die Altersklischees sprengen und Teams zukunftsf\u00e4hig machen Altersdiversit\u00e4t ist ein Schatz, wenn man wei\u00df, wie man ihn hebt. Denn wo unterschiedliche Lebensphasen, Erfahrungen und Sichtweisen zusammentreffen, entsteht ein unglaubliches Potenzial f\u00fcr Wandel, Innovation und Resilienz. Doch genau dieses Potenzial bleibt in vielen Organisationen ungenutzt. Altersvielfalt wird oft falsch gelesen\u2028\u2026","rel":"","context":"\u00c4hnlicher Beitrag","block_context":{"text":"\u00c4hnlicher Beitrag","link":""},"img":{"alt_text":"","src":"https:\/\/i0.wp.com\/agebombs.com\/wp-content\/uploads\/2025\/08\/AB_Website_Fotos_Vorlagen_NEU.001.webp?resize=500%2C300&ssl=1","width":500,"height":300,"srcset":"https:\/\/i0.wp.com\/agebombs.com\/wp-content\/uploads\/2025\/08\/AB_Website_Fotos_Vorlagen_NEU.001.webp?resize=500%2C300&ssl=1 1x, https:\/\/i0.wp.com\/agebombs.com\/wp-content\/uploads\/2025\/08\/AB_Website_Fotos_Vorlagen_NEU.001.webp?resize=750%2C450&ssl=1 1.5x, https:\/\/i0.wp.com\/agebombs.com\/wp-content\/uploads\/2025\/08\/AB_Website_Fotos_Vorlagen_NEU.001.webp?resize=1000%2C600&ssl=1 2x, https:\/\/i0.wp.com\/agebombs.com\/wp-content\/uploads\/2025\/08\/AB_Website_Fotos_Vorlagen_NEU.001.webp?resize=1500%2C900&ssl=1 3x"},"classes":[]},{"id":2413,"url":"https:\/\/agebombs.com\/de\/about\/medien\/","url_meta":{"origin":831,"position":5},"title":"Medien","author":"Mauricio","date":"Januar 22, 2026","format":false,"excerpt":"Age Bombs in den Medien Age Bombs taucht \u00fcberall dort auf, wo \u00fcber Alter und Altern gesprochen wird. Diese Seite sammelt Gespr\u00e4che, Beitr\u00e4ge und Formate, in denen unsere Haltung aufgegriffen, gespiegelt oder weitergedreht wird. Age Bombs auf die Ohren LINGA konkretDer Podcast von Niedersachsen.next und der\u00a0LINGA, Landesinitiative Niedersachsen Generationengerechter\u00a0Alltag\u00a0 (Februar\u2026","rel":"","context":"\u00c4hnlicher Beitrag","block_context":{"text":"\u00c4hnlicher Beitrag","link":""},"img":{"alt_text":"","src":"https:\/\/i0.wp.com\/agebombs.com\/wp-content\/uploads\/2026\/01\/AB_Website_Fotos_Vorlagen_MEDIA-TEASER.001.webp?resize=500%2C300&ssl=1","width":500,"height":300,"srcset":"https:\/\/i0.wp.com\/agebombs.com\/wp-content\/uploads\/2026\/01\/AB_Website_Fotos_Vorlagen_MEDIA-TEASER.001.webp?resize=500%2C300&ssl=1 1x, https:\/\/i0.wp.com\/agebombs.com\/wp-content\/uploads\/2026\/01\/AB_Website_Fotos_Vorlagen_MEDIA-TEASER.001.webp?resize=750%2C450&ssl=1 1.5x, https:\/\/i0.wp.com\/agebombs.com\/wp-content\/uploads\/2026\/01\/AB_Website_Fotos_Vorlagen_MEDIA-TEASER.001.webp?resize=1000%2C600&ssl=1 2x, https:\/\/i0.wp.com\/agebombs.com\/wp-content\/uploads\/2026\/01\/AB_Website_Fotos_Vorlagen_MEDIA-TEASER.001.webp?resize=1500%2C900&ssl=1 3x"},"classes":[]}],"jetpack_sharing_enabled":true,"_links":{"self":[{"href":"https:\/\/agebombs.com\/de\/wp-json\/wp\/v2\/pages\/831","targetHints":{"allow":["GET"]}}],"collection":[{"href":"https:\/\/agebombs.com\/de\/wp-json\/wp\/v2\/pages"}],"about":[{"href":"https:\/\/agebombs.com\/de\/wp-json\/wp\/v2\/types\/page"}],"author":[{"embeddable":true,"href":"https:\/\/agebombs.com\/de\/wp-json\/wp\/v2\/users\/2"}],"replies":[{"embeddable":true,"href":"https:\/\/agebombs.com\/de\/wp-json\/wp\/v2\/comments?post=831"}],"version-history":[{"count":86,"href":"https:\/\/agebombs.com\/de\/wp-json\/wp\/v2\/pages\/831\/revisions"}],"predecessor-version":[{"id":4075,"href":"https:\/\/agebombs.com\/de\/wp-json\/wp\/v2\/pages\/831\/revisions\/4075"}],"wp:featuredmedia":[{"embeddable":true,"href":"https:\/\/agebombs.com\/de\/wp-json\/wp\/v2\/media\/3305"}],"wp:attachment":[{"href":"https:\/\/agebombs.com\/de\/wp-json\/wp\/v2\/media?parent=831"}],"curies":[{"name":"wp","href":"https:\/\/api.w.org\/{rel}","templated":true}]}}